{"id":8039,"date":"2025-06-23T12:04:50","date_gmt":"2025-06-23T12:04:50","guid":{"rendered":"https:\/\/flmdev.dev1.symbiotica.rs\/industries\/meal-planning-services\/"},"modified":"2025-12-18T12:37:33","modified_gmt":"2025-12-18T12:37:33","slug":"services-de-planification-de-repas","status":"publish","type":"page","link":"https:\/\/flmdev.dev1.symbiotica.rs\/fr-ca\/secteurs-dactivite\/services-de-planification-de-repas\/","title":{"rendered":"Entreprises de plans de repas"},"content":{"rendered":"","protected":false},"excerpt":{"rendered":"","protected":false},"author":1,"featured_media":0,"parent":7865,"menu_order":0,"comment_status":"closed","ping_status":"closed","template":"page-templates\/template-flexible-content.php","meta":{"_acf_changed":false,"footnotes":""},"class_list":["post-8039","page","type-page","status-publish","hentry"],"acf":[],"yoast_head":"<!-- This site is optimized with the Yoast SEO Premium plugin v22.8 (Yoast SEO v26.8) - https:\/\/yoast.com\/product\/yoast-seo-premium-wordpress\/ -->\n<title>\u00c9tiquettes nutritionnelles pour services de planification de repas<\/title>\n<meta name=\"description\" content=\"Cr\u00e9ez des \u00e9tiquettes pr\u00e9cises pour la planification de repas. Notre outil g\u00e8re les recettes et assure la conformit\u00e9 mondiale. Visitez Food Label Maker.\" \/>\n<meta name=\"robots\" content=\"noindex, follow, max-snippet:-1, max-image-preview:large, max-video-preview:-1\" \/>\n<meta property=\"og:locale\" content=\"fr_CA\" \/>\n<meta property=\"og:type\" content=\"article\" \/>\n<meta property=\"og:title\" content=\"Entreprises de plans de repas\" \/>\n<meta property=\"og:description\" content=\"Cr\u00e9ez des \u00e9tiquettes pr\u00e9cises pour la planification de repas. Notre outil g\u00e8re les recettes et assure la conformit\u00e9 mondiale. Visitez Food Label Maker.\" \/>\n<meta property=\"og:url\" content=\"https:\/\/flmdev.dev1.symbiotica.rs\/fr-ca\/secteurs-dactivite\/services-de-planification-de-repas\/\" \/>\n<meta property=\"og:site_name\" content=\"Food Label Maker\" \/>\n<meta property=\"article:publisher\" content=\"https:\/\/www.facebook.com\/foodlabelmaker\/\" \/>\n<meta property=\"article:modified_time\" content=\"2025-12-18T12:37:33+00:00\" \/>\n<meta property=\"og:image\" content=\"https:\/\/flmdev.dev1.symbiotica.rs\/wp-content\/uploads\/2023\/10\/foodlabelmaker-preview-img.webp\" \/>\n\t<meta property=\"og:image:width\" content=\"1200\" \/>\n\t<meta property=\"og:image:height\" content=\"675\" \/>\n\t<meta property=\"og:image:type\" content=\"image\/webp\" \/>\n<meta name=\"twitter:card\" content=\"summary_large_image\" \/>\n<script type=\"application\/ld+json\" class=\"yoast-schema-graph\">{\"@context\":\"https:\/\/schema.org\",\"@graph\":[{\"@type\":\"WebPage\",\"@id\":\"https:\/\/flmdev.dev1.symbiotica.rs\/fr-ca\/secteurs-dactivite\/services-de-planification-de-repas\/\",\"url\":\"https:\/\/flmdev.dev1.symbiotica.rs\/fr-ca\/secteurs-dactivite\/services-de-planification-de-repas\/\",\"name\":\"\u00c9tiquettes nutritionnelles pour services de planification de repas\",\"isPartOf\":{\"@id\":\"https:\/\/flmdev.dev1.symbiotica.rs\/fr-ca\/#website\"},\"datePublished\":\"2025-06-23T12:04:50+00:00\",\"dateModified\":\"2025-12-18T12:37:33+00:00\",\"description\":\"Cr\u00e9ez des \u00e9tiquettes pr\u00e9cises pour la planification de repas. Notre outil g\u00e8re les recettes et assure la conformit\u00e9 mondiale. Visitez Food Label Maker.\",\"breadcrumb\":{\"@id\":\"https:\/\/flmdev.dev1.symbiotica.rs\/fr-ca\/secteurs-dactivite\/services-de-planification-de-repas\/#breadcrumb\"},\"inLanguage\":\"fr-CA\",\"potentialAction\":[{\"@type\":\"ReadAction\",\"target\":[\"https:\/\/flmdev.dev1.symbiotica.rs\/fr-ca\/secteurs-dactivite\/services-de-planification-de-repas\/\"]}]},{\"@type\":\"BreadcrumbList\",\"@id\":\"https:\/\/flmdev.dev1.symbiotica.rs\/fr-ca\/secteurs-dactivite\/services-de-planification-de-repas\/#breadcrumb\",\"itemListElement\":[{\"@type\":\"ListItem\",\"position\":1,\"name\":\"Accueil\",\"item\":\"https:\/\/flmdev.dev1.symbiotica.rs\/fr-ca\/\"},{\"@type\":\"ListItem\",\"position\":2,\"name\":\"Private: Industries\",\"item\":\"https:\/\/flmdev.dev1.symbiotica.rs\/fr-ca\/?page_id=5338\"},{\"@type\":\"ListItem\",\"position\":3,\"name\":\"Entreprises de plans de repas\"}]},{\"@type\":\"WebSite\",\"@id\":\"https:\/\/flmdev.dev1.symbiotica.rs\/fr-ca\/#website\",\"url\":\"https:\/\/flmdev.dev1.symbiotica.rs\/fr-ca\/\",\"name\":\"Food Label Maker\",\"description\":\"\",\"potentialAction\":[{\"@type\":\"SearchAction\",\"target\":{\"@type\":\"EntryPoint\",\"urlTemplate\":\"https:\/\/flmdev.dev1.symbiotica.rs\/fr-ca\/?s={search_term_string}\"},\"query-input\":{\"@type\":\"PropertyValueSpecification\",\"valueRequired\":true,\"valueName\":\"search_term_string\"}}],\"inLanguage\":\"fr-CA\"}]}<\/script>\n<!-- \/ Yoast SEO Premium plugin. -->","yoast_head_json":{"title":"\u00c9tiquettes nutritionnelles pour services de planification de repas","description":"Cr\u00e9ez des \u00e9tiquettes pr\u00e9cises pour la planification de repas. Notre outil g\u00e8re les recettes et assure la conformit\u00e9 mondiale. Visitez Food Label Maker.","robots":{"index":"noindex","follow":"follow","max-snippet":"max-snippet:-1","max-image-preview":"max-image-preview:large","max-video-preview":"max-video-preview:-1"},"og_locale":"fr_CA","og_type":"article","og_title":"Entreprises de plans de repas","og_description":"Cr\u00e9ez des \u00e9tiquettes pr\u00e9cises pour la planification de repas. Notre outil g\u00e8re les recettes et assure la conformit\u00e9 mondiale. Visitez Food Label Maker.","og_url":"https:\/\/flmdev.dev1.symbiotica.rs\/fr-ca\/secteurs-dactivite\/services-de-planification-de-repas\/","og_site_name":"Food Label Maker","article_publisher":"https:\/\/www.facebook.com\/foodlabelmaker\/","article_modified_time":"2025-12-18T12:37:33+00:00","og_image":[{"width":1200,"height":675,"url":"https:\/\/flmdev.dev1.symbiotica.rs\/wp-content\/uploads\/2023\/10\/foodlabelmaker-preview-img.webp","type":"image\/webp"}],"twitter_card":"summary_large_image","schema":{"@context":"https:\/\/schema.org","@graph":[{"@type":"WebPage","@id":"https:\/\/flmdev.dev1.symbiotica.rs\/fr-ca\/secteurs-dactivite\/services-de-planification-de-repas\/","url":"https:\/\/flmdev.dev1.symbiotica.rs\/fr-ca\/secteurs-dactivite\/services-de-planification-de-repas\/","name":"\u00c9tiquettes nutritionnelles pour services de planification de repas","isPartOf":{"@id":"https:\/\/flmdev.dev1.symbiotica.rs\/fr-ca\/#website"},"datePublished":"2025-06-23T12:04:50+00:00","dateModified":"2025-12-18T12:37:33+00:00","description":"Cr\u00e9ez des \u00e9tiquettes pr\u00e9cises pour la planification de repas. Notre outil g\u00e8re les recettes et assure la conformit\u00e9 mondiale. Visitez Food Label Maker.","breadcrumb":{"@id":"https:\/\/flmdev.dev1.symbiotica.rs\/fr-ca\/secteurs-dactivite\/services-de-planification-de-repas\/#breadcrumb"},"inLanguage":"fr-CA","potentialAction":[{"@type":"ReadAction","target":["https:\/\/flmdev.dev1.symbiotica.rs\/fr-ca\/secteurs-dactivite\/services-de-planification-de-repas\/"]}]},{"@type":"BreadcrumbList","@id":"https:\/\/flmdev.dev1.symbiotica.rs\/fr-ca\/secteurs-dactivite\/services-de-planification-de-repas\/#breadcrumb","itemListElement":[{"@type":"ListItem","position":1,"name":"Accueil","item":"https:\/\/flmdev.dev1.symbiotica.rs\/fr-ca\/"},{"@type":"ListItem","position":2,"name":"Private: Industries","item":"https:\/\/flmdev.dev1.symbiotica.rs\/fr-ca\/?page_id=5338"},{"@type":"ListItem","position":3,"name":"Entreprises de plans de repas"}]},{"@type":"WebSite","@id":"https:\/\/flmdev.dev1.symbiotica.rs\/fr-ca\/#website","url":"https:\/\/flmdev.dev1.symbiotica.rs\/fr-ca\/","name":"Food Label Maker","description":"","potentialAction":[{"@type":"SearchAction","target":{"@type":"EntryPoint","urlTemplate":"https:\/\/flmdev.dev1.symbiotica.rs\/fr-ca\/?s={search_term_string}"},"query-input":{"@type":"PropertyValueSpecification","valueRequired":true,"valueName":"search_term_string"}}],"inLanguage":"fr-CA"}]}},"_links":{"self":[{"href":"https:\/\/flmdev.dev1.symbiotica.rs\/fr-ca\/wp-json\/wp\/v2\/pages\/8039","targetHints":{"allow":["GET"]}}],"collection":[{"href":"https:\/\/flmdev.dev1.symbiotica.rs\/fr-ca\/wp-json\/wp\/v2\/pages"}],"about":[{"href":"https:\/\/flmdev.dev1.symbiotica.rs\/fr-ca\/wp-json\/wp\/v2\/types\/page"}],"author":[{"embeddable":true,"href":"https:\/\/flmdev.dev1.symbiotica.rs\/fr-ca\/wp-json\/wp\/v2\/users\/1"}],"replies":[{"embeddable":true,"href":"https:\/\/flmdev.dev1.symbiotica.rs\/fr-ca\/wp-json\/wp\/v2\/comments?post=8039"}],"version-history":[{"count":7,"href":"https:\/\/flmdev.dev1.symbiotica.rs\/fr-ca\/wp-json\/wp\/v2\/pages\/8039\/revisions"}],"predecessor-version":[{"id":15828,"href":"https:\/\/flmdev.dev1.symbiotica.rs\/fr-ca\/wp-json\/wp\/v2\/pages\/8039\/revisions\/15828"}],"up":[{"embeddable":true,"href":"https:\/\/flmdev.dev1.symbiotica.rs\/fr-ca\/wp-json\/wp\/v2\/pages\/7865"}],"wp:attachment":[{"href":"https:\/\/flmdev.dev1.symbiotica.rs\/fr-ca\/wp-json\/wp\/v2\/media?parent=8039"}],"curies":[{"name":"wp","href":"https:\/\/api.w.org\/{rel}","templated":true}]}}