{"id":18373,"date":"2025-11-18T15:31:00","date_gmt":"2025-11-18T15:31:00","guid":{"rendered":"https:\/\/flmdev.dev1.symbiotica.rs\/education\/"},"modified":"2026-02-04T09:15:47","modified_gmt":"2026-02-04T09:15:47","slug":"universites","status":"publish","type":"page","link":"https:\/\/flmdev.dev1.symbiotica.rs\/fr-ca\/universites\/","title":{"rendered":"Universit\u00e9s et \u00e9tablissements d&rsquo;enseignement"},"content":{"rendered":"","protected":false},"excerpt":{"rendered":"","protected":false},"author":1,"featured_media":0,"parent":0,"menu_order":0,"comment_status":"closed","ping_status":"closed","template":"page-templates\/landing-universities.php","meta":{"_acf_changed":false,"footnotes":""},"class_list":["post-18373","page","type-page","status-publish","hentry"],"acf":[],"yoast_head":"<!-- This site is optimized with the Yoast SEO Premium plugin v22.8 (Yoast SEO v26.8) - https:\/\/yoast.com\/product\/yoast-seo-premium-wordpress\/ -->\n<title>Gestion de recettes et \u00e9tiquetage nutritionnel - Universit\u00e9s<\/title>\n<meta name=\"description\" content=\"Logiciel d&#039;analyse nutritionnelle et d&#039;\u00e9tiquetage conforme \u00e0 l&#039;ACIA pour les \u00e9tudiants en sciences alimentaires et nutrition au Canada.\" \/>\n<meta name=\"robots\" content=\"noindex, follow, max-snippet:-1, max-image-preview:large, max-video-preview:-1\" \/>\n<meta property=\"og:locale\" content=\"fr_CA\" \/>\n<meta property=\"og:type\" content=\"article\" \/>\n<meta property=\"og:title\" content=\"Universit\u00e9s et \u00e9tablissements d&#039;enseignement\" \/>\n<meta property=\"og:description\" content=\"Logiciel d&#039;analyse nutritionnelle et d&#039;\u00e9tiquetage conforme \u00e0 l&#039;ACIA pour les \u00e9tudiants en sciences alimentaires et nutrition au Canada.\" \/>\n<meta property=\"og:url\" content=\"https:\/\/flmdev.dev1.symbiotica.rs\/fr-ca\/universites\/\" \/>\n<meta property=\"og:site_name\" content=\"Food Label Maker\" \/>\n<meta property=\"article:publisher\" content=\"https:\/\/www.facebook.com\/foodlabelmaker\/\" \/>\n<meta property=\"article:modified_time\" content=\"2026-02-04T09:15:47+00:00\" \/>\n<meta property=\"og:image\" content=\"https:\/\/flmdev.dev1.symbiotica.rs\/wp-content\/uploads\/2023\/10\/foodlabelmaker-preview-img.webp\" \/>\n\t<meta property=\"og:image:width\" content=\"1200\" \/>\n\t<meta property=\"og:image:height\" content=\"675\" \/>\n\t<meta property=\"og:image:type\" content=\"image\/webp\" \/>\n<meta name=\"twitter:card\" content=\"summary_large_image\" \/>\n<script type=\"application\/ld+json\" class=\"yoast-schema-graph\">{\"@context\":\"https:\/\/schema.org\",\"@graph\":[{\"@type\":\"WebPage\",\"@id\":\"https:\/\/flmdev.dev1.symbiotica.rs\/fr-ca\/universites\/\",\"url\":\"https:\/\/flmdev.dev1.symbiotica.rs\/fr-ca\/universites\/\",\"name\":\"Gestion de recettes et \u00e9tiquetage nutritionnel - Universit\u00e9s\",\"isPartOf\":{\"@id\":\"https:\/\/flmdev.dev1.symbiotica.rs\/fr-ca\/#website\"},\"datePublished\":\"2025-11-18T15:31:00+00:00\",\"dateModified\":\"2026-02-04T09:15:47+00:00\",\"description\":\"Logiciel d'analyse nutritionnelle et d'\u00e9tiquetage conforme \u00e0 l'ACIA pour les \u00e9tudiants en sciences alimentaires et nutrition au Canada.\",\"breadcrumb\":{\"@id\":\"https:\/\/flmdev.dev1.symbiotica.rs\/fr-ca\/universites\/#breadcrumb\"},\"inLanguage\":\"fr-CA\",\"potentialAction\":[{\"@type\":\"ReadAction\",\"target\":[\"https:\/\/flmdev.dev1.symbiotica.rs\/fr-ca\/universites\/\"]}]},{\"@type\":\"BreadcrumbList\",\"@id\":\"https:\/\/flmdev.dev1.symbiotica.rs\/fr-ca\/universites\/#breadcrumb\",\"itemListElement\":[{\"@type\":\"ListItem\",\"position\":1,\"name\":\"Accueil\",\"item\":\"https:\/\/flmdev.dev1.symbiotica.rs\/fr-ca\/\"},{\"@type\":\"ListItem\",\"position\":2,\"name\":\"Universit\u00e9s et \u00e9tablissements d&rsquo;enseignement\"}]},{\"@type\":\"WebSite\",\"@id\":\"https:\/\/flmdev.dev1.symbiotica.rs\/fr-ca\/#website\",\"url\":\"https:\/\/flmdev.dev1.symbiotica.rs\/fr-ca\/\",\"name\":\"Food Label Maker\",\"description\":\"\",\"potentialAction\":[{\"@type\":\"SearchAction\",\"target\":{\"@type\":\"EntryPoint\",\"urlTemplate\":\"https:\/\/flmdev.dev1.symbiotica.rs\/fr-ca\/?s={search_term_string}\"},\"query-input\":{\"@type\":\"PropertyValueSpecification\",\"valueRequired\":true,\"valueName\":\"search_term_string\"}}],\"inLanguage\":\"fr-CA\"}]}<\/script>\n<!-- \/ Yoast SEO Premium plugin. -->","yoast_head_json":{"title":"Gestion de recettes et \u00e9tiquetage nutritionnel - Universit\u00e9s","description":"Logiciel d'analyse nutritionnelle et d'\u00e9tiquetage conforme \u00e0 l'ACIA pour les \u00e9tudiants en sciences alimentaires et nutrition au Canada.","robots":{"index":"noindex","follow":"follow","max-snippet":"max-snippet:-1","max-image-preview":"max-image-preview:large","max-video-preview":"max-video-preview:-1"},"og_locale":"fr_CA","og_type":"article","og_title":"Universit\u00e9s et \u00e9tablissements d'enseignement","og_description":"Logiciel d'analyse nutritionnelle et d'\u00e9tiquetage conforme \u00e0 l'ACIA pour les \u00e9tudiants en sciences alimentaires et nutrition au Canada.","og_url":"https:\/\/flmdev.dev1.symbiotica.rs\/fr-ca\/universites\/","og_site_name":"Food Label Maker","article_publisher":"https:\/\/www.facebook.com\/foodlabelmaker\/","article_modified_time":"2026-02-04T09:15:47+00:00","og_image":[{"width":1200,"height":675,"url":"https:\/\/flmdev.dev1.symbiotica.rs\/wp-content\/uploads\/2023\/10\/foodlabelmaker-preview-img.webp","type":"image\/webp"}],"twitter_card":"summary_large_image","schema":{"@context":"https:\/\/schema.org","@graph":[{"@type":"WebPage","@id":"https:\/\/flmdev.dev1.symbiotica.rs\/fr-ca\/universites\/","url":"https:\/\/flmdev.dev1.symbiotica.rs\/fr-ca\/universites\/","name":"Gestion de recettes et \u00e9tiquetage nutritionnel - Universit\u00e9s","isPartOf":{"@id":"https:\/\/flmdev.dev1.symbiotica.rs\/fr-ca\/#website"},"datePublished":"2025-11-18T15:31:00+00:00","dateModified":"2026-02-04T09:15:47+00:00","description":"Logiciel d'analyse nutritionnelle et d'\u00e9tiquetage conforme \u00e0 l'ACIA pour les \u00e9tudiants en sciences alimentaires et nutrition au Canada.","breadcrumb":{"@id":"https:\/\/flmdev.dev1.symbiotica.rs\/fr-ca\/universites\/#breadcrumb"},"inLanguage":"fr-CA","potentialAction":[{"@type":"ReadAction","target":["https:\/\/flmdev.dev1.symbiotica.rs\/fr-ca\/universites\/"]}]},{"@type":"BreadcrumbList","@id":"https:\/\/flmdev.dev1.symbiotica.rs\/fr-ca\/universites\/#breadcrumb","itemListElement":[{"@type":"ListItem","position":1,"name":"Accueil","item":"https:\/\/flmdev.dev1.symbiotica.rs\/fr-ca\/"},{"@type":"ListItem","position":2,"name":"Universit\u00e9s et \u00e9tablissements d&rsquo;enseignement"}]},{"@type":"WebSite","@id":"https:\/\/flmdev.dev1.symbiotica.rs\/fr-ca\/#website","url":"https:\/\/flmdev.dev1.symbiotica.rs\/fr-ca\/","name":"Food Label Maker","description":"","potentialAction":[{"@type":"SearchAction","target":{"@type":"EntryPoint","urlTemplate":"https:\/\/flmdev.dev1.symbiotica.rs\/fr-ca\/?s={search_term_string}"},"query-input":{"@type":"PropertyValueSpecification","valueRequired":true,"valueName":"search_term_string"}}],"inLanguage":"fr-CA"}]}},"_links":{"self":[{"href":"https:\/\/flmdev.dev1.symbiotica.rs\/fr-ca\/wp-json\/wp\/v2\/pages\/18373","targetHints":{"allow":["GET"]}}],"collection":[{"href":"https:\/\/flmdev.dev1.symbiotica.rs\/fr-ca\/wp-json\/wp\/v2\/pages"}],"about":[{"href":"https:\/\/flmdev.dev1.symbiotica.rs\/fr-ca\/wp-json\/wp\/v2\/types\/page"}],"author":[{"embeddable":true,"href":"https:\/\/flmdev.dev1.symbiotica.rs\/fr-ca\/wp-json\/wp\/v2\/users\/1"}],"replies":[{"embeddable":true,"href":"https:\/\/flmdev.dev1.symbiotica.rs\/fr-ca\/wp-json\/wp\/v2\/comments?post=18373"}],"version-history":[{"count":7,"href":"https:\/\/flmdev.dev1.symbiotica.rs\/fr-ca\/wp-json\/wp\/v2\/pages\/18373\/revisions"}],"predecessor-version":[{"id":18427,"href":"https:\/\/flmdev.dev1.symbiotica.rs\/fr-ca\/wp-json\/wp\/v2\/pages\/18373\/revisions\/18427"}],"wp:attachment":[{"href":"https:\/\/flmdev.dev1.symbiotica.rs\/fr-ca\/wp-json\/wp\/v2\/media?parent=18373"}],"curies":[{"name":"wp","href":"https:\/\/api.w.org\/{rel}","templated":true}]}}