{"id":13662,"date":"2024-01-23T14:47:19","date_gmt":"2024-01-23T14:47:19","guid":{"rendered":"https:\/\/flmdev.dev1.symbiotica.rs\/enterprise-solutions-food-manufacturers\/"},"modified":"2025-12-18T12:38:33","modified_gmt":"2025-12-18T12:38:33","slug":"solutions-entreprise-pour-les-fabricants-alimentaires","status":"publish","type":"page","link":"https:\/\/flmdev.dev1.symbiotica.rs\/fr-ca\/solutions-entreprise-pour-les-fabricants-alimentaires\/","title":{"rendered":"Enterprise Solutions"},"content":{"rendered":"","protected":false},"excerpt":{"rendered":"","protected":false},"author":1,"featured_media":0,"parent":0,"menu_order":0,"comment_status":"closed","ping_status":"closed","template":"page-templates\/template-flexible-content.php","meta":{"_acf_changed":false,"footnotes":""},"class_list":["post-13662","page","type-page","status-publish","hentry"],"acf":[],"yoast_head":"<!-- This site is optimized with the Yoast SEO Premium plugin v22.8 (Yoast SEO v26.8) - https:\/\/yoast.com\/product\/yoast-seo-premium-wordpress\/ -->\n<title>Solution d&#039;\u00e9tiquetage nutritionnel pour entreprises | Food Label Maker<\/title>\n<meta name=\"description\" content=\"Optimisez l&#039;\u00e9tiquetage de votre entreprise avec notre logiciel : s\u00e9curis\u00e9, \u00e9volutif et conforme. Assurez pr\u00e9cision et efficacit\u00e9. Essayez-le maintenant !\" \/>\n<meta name=\"robots\" content=\"noindex, follow, max-snippet:-1, max-image-preview:large, max-video-preview:-1\" \/>\n<meta property=\"og:locale\" content=\"fr_CA\" \/>\n<meta property=\"og:type\" content=\"article\" \/>\n<meta property=\"og:title\" content=\"Enterprise Solutions\" \/>\n<meta property=\"og:description\" content=\"Optimisez l&#039;\u00e9tiquetage de votre entreprise avec notre logiciel : s\u00e9curis\u00e9, \u00e9volutif et conforme. Assurez pr\u00e9cision et efficacit\u00e9. Essayez-le maintenant !\" \/>\n<meta property=\"og:url\" content=\"https:\/\/flmdev.dev1.symbiotica.rs\/fr-ca\/solutions-entreprise-pour-les-fabricants-alimentaires\/\" \/>\n<meta property=\"og:site_name\" content=\"Food Label Maker\" \/>\n<meta property=\"article:publisher\" content=\"https:\/\/www.facebook.com\/foodlabelmaker\/\" \/>\n<meta property=\"article:modified_time\" content=\"2025-12-18T12:38:33+00:00\" \/>\n<meta property=\"og:image\" content=\"https:\/\/flmdev.dev1.symbiotica.rs\/wp-content\/uploads\/2023\/10\/foodlabelmaker-preview-img.webp\" \/>\n\t<meta property=\"og:image:width\" content=\"1200\" \/>\n\t<meta property=\"og:image:height\" content=\"675\" \/>\n\t<meta property=\"og:image:type\" content=\"image\/webp\" \/>\n<meta name=\"twitter:card\" content=\"summary_large_image\" \/>\n<script type=\"application\/ld+json\" class=\"yoast-schema-graph\">{\"@context\":\"https:\/\/schema.org\",\"@graph\":[{\"@type\":\"WebPage\",\"@id\":\"https:\/\/flmdev.dev1.symbiotica.rs\/fr-ca\/solutions-entreprise-pour-les-fabricants-alimentaires\/\",\"url\":\"https:\/\/flmdev.dev1.symbiotica.rs\/fr-ca\/solutions-entreprise-pour-les-fabricants-alimentaires\/\",\"name\":\"Solution d'\u00e9tiquetage nutritionnel pour entreprises | Food Label Maker\",\"isPartOf\":{\"@id\":\"https:\/\/flmdev.dev1.symbiotica.rs\/fr-ca\/#website\"},\"datePublished\":\"2024-01-23T14:47:19+00:00\",\"dateModified\":\"2025-12-18T12:38:33+00:00\",\"description\":\"Optimisez l'\u00e9tiquetage de votre entreprise avec notre logiciel : s\u00e9curis\u00e9, \u00e9volutif et conforme. Assurez pr\u00e9cision et efficacit\u00e9. Essayez-le maintenant !\",\"breadcrumb\":{\"@id\":\"https:\/\/flmdev.dev1.symbiotica.rs\/fr-ca\/solutions-entreprise-pour-les-fabricants-alimentaires\/#breadcrumb\"},\"inLanguage\":\"fr-CA\",\"potentialAction\":[{\"@type\":\"ReadAction\",\"target\":[\"https:\/\/flmdev.dev1.symbiotica.rs\/fr-ca\/solutions-entreprise-pour-les-fabricants-alimentaires\/\"]}]},{\"@type\":\"BreadcrumbList\",\"@id\":\"https:\/\/flmdev.dev1.symbiotica.rs\/fr-ca\/solutions-entreprise-pour-les-fabricants-alimentaires\/#breadcrumb\",\"itemListElement\":[{\"@type\":\"ListItem\",\"position\":1,\"name\":\"Accueil\",\"item\":\"https:\/\/flmdev.dev1.symbiotica.rs\/fr-ca\/\"},{\"@type\":\"ListItem\",\"position\":2,\"name\":\"Enterprise Solutions\"}]},{\"@type\":\"WebSite\",\"@id\":\"https:\/\/flmdev.dev1.symbiotica.rs\/fr-ca\/#website\",\"url\":\"https:\/\/flmdev.dev1.symbiotica.rs\/fr-ca\/\",\"name\":\"Food Label Maker\",\"description\":\"\",\"potentialAction\":[{\"@type\":\"SearchAction\",\"target\":{\"@type\":\"EntryPoint\",\"urlTemplate\":\"https:\/\/flmdev.dev1.symbiotica.rs\/fr-ca\/?s={search_term_string}\"},\"query-input\":{\"@type\":\"PropertyValueSpecification\",\"valueRequired\":true,\"valueName\":\"search_term_string\"}}],\"inLanguage\":\"fr-CA\"}]}<\/script>\n<!-- \/ Yoast SEO Premium plugin. -->","yoast_head_json":{"title":"Solution d'\u00e9tiquetage nutritionnel pour entreprises | Food Label Maker","description":"Optimisez l'\u00e9tiquetage de votre entreprise avec notre logiciel : s\u00e9curis\u00e9, \u00e9volutif et conforme. Assurez pr\u00e9cision et efficacit\u00e9. Essayez-le maintenant !","robots":{"index":"noindex","follow":"follow","max-snippet":"max-snippet:-1","max-image-preview":"max-image-preview:large","max-video-preview":"max-video-preview:-1"},"og_locale":"fr_CA","og_type":"article","og_title":"Enterprise Solutions","og_description":"Optimisez l'\u00e9tiquetage de votre entreprise avec notre logiciel : s\u00e9curis\u00e9, \u00e9volutif et conforme. Assurez pr\u00e9cision et efficacit\u00e9. Essayez-le maintenant !","og_url":"https:\/\/flmdev.dev1.symbiotica.rs\/fr-ca\/solutions-entreprise-pour-les-fabricants-alimentaires\/","og_site_name":"Food Label Maker","article_publisher":"https:\/\/www.facebook.com\/foodlabelmaker\/","article_modified_time":"2025-12-18T12:38:33+00:00","og_image":[{"width":1200,"height":675,"url":"https:\/\/flmdev.dev1.symbiotica.rs\/wp-content\/uploads\/2023\/10\/foodlabelmaker-preview-img.webp","type":"image\/webp"}],"twitter_card":"summary_large_image","schema":{"@context":"https:\/\/schema.org","@graph":[{"@type":"WebPage","@id":"https:\/\/flmdev.dev1.symbiotica.rs\/fr-ca\/solutions-entreprise-pour-les-fabricants-alimentaires\/","url":"https:\/\/flmdev.dev1.symbiotica.rs\/fr-ca\/solutions-entreprise-pour-les-fabricants-alimentaires\/","name":"Solution d'\u00e9tiquetage nutritionnel pour entreprises | Food Label Maker","isPartOf":{"@id":"https:\/\/flmdev.dev1.symbiotica.rs\/fr-ca\/#website"},"datePublished":"2024-01-23T14:47:19+00:00","dateModified":"2025-12-18T12:38:33+00:00","description":"Optimisez l'\u00e9tiquetage de votre entreprise avec notre logiciel : s\u00e9curis\u00e9, \u00e9volutif et conforme. Assurez pr\u00e9cision et efficacit\u00e9. Essayez-le maintenant !","breadcrumb":{"@id":"https:\/\/flmdev.dev1.symbiotica.rs\/fr-ca\/solutions-entreprise-pour-les-fabricants-alimentaires\/#breadcrumb"},"inLanguage":"fr-CA","potentialAction":[{"@type":"ReadAction","target":["https:\/\/flmdev.dev1.symbiotica.rs\/fr-ca\/solutions-entreprise-pour-les-fabricants-alimentaires\/"]}]},{"@type":"BreadcrumbList","@id":"https:\/\/flmdev.dev1.symbiotica.rs\/fr-ca\/solutions-entreprise-pour-les-fabricants-alimentaires\/#breadcrumb","itemListElement":[{"@type":"ListItem","position":1,"name":"Accueil","item":"https:\/\/flmdev.dev1.symbiotica.rs\/fr-ca\/"},{"@type":"ListItem","position":2,"name":"Enterprise Solutions"}]},{"@type":"WebSite","@id":"https:\/\/flmdev.dev1.symbiotica.rs\/fr-ca\/#website","url":"https:\/\/flmdev.dev1.symbiotica.rs\/fr-ca\/","name":"Food Label Maker","description":"","potentialAction":[{"@type":"SearchAction","target":{"@type":"EntryPoint","urlTemplate":"https:\/\/flmdev.dev1.symbiotica.rs\/fr-ca\/?s={search_term_string}"},"query-input":{"@type":"PropertyValueSpecification","valueRequired":true,"valueName":"search_term_string"}}],"inLanguage":"fr-CA"}]}},"_links":{"self":[{"href":"https:\/\/flmdev.dev1.symbiotica.rs\/fr-ca\/wp-json\/wp\/v2\/pages\/13662","targetHints":{"allow":["GET"]}}],"collection":[{"href":"https:\/\/flmdev.dev1.symbiotica.rs\/fr-ca\/wp-json\/wp\/v2\/pages"}],"about":[{"href":"https:\/\/flmdev.dev1.symbiotica.rs\/fr-ca\/wp-json\/wp\/v2\/types\/page"}],"author":[{"embeddable":true,"href":"https:\/\/flmdev.dev1.symbiotica.rs\/fr-ca\/wp-json\/wp\/v2\/users\/1"}],"replies":[{"embeddable":true,"href":"https:\/\/flmdev.dev1.symbiotica.rs\/fr-ca\/wp-json\/wp\/v2\/comments?post=13662"}],"version-history":[{"count":1,"href":"https:\/\/flmdev.dev1.symbiotica.rs\/fr-ca\/wp-json\/wp\/v2\/pages\/13662\/revisions"}],"predecessor-version":[{"id":13853,"href":"https:\/\/flmdev.dev1.symbiotica.rs\/fr-ca\/wp-json\/wp\/v2\/pages\/13662\/revisions\/13853"}],"wp:attachment":[{"href":"https:\/\/flmdev.dev1.symbiotica.rs\/fr-ca\/wp-json\/wp\/v2\/media?parent=13662"}],"curies":[{"name":"wp","href":"https:\/\/api.w.org\/{rel}","templated":true}]}}