{"id":12912,"date":"2023-01-05T15:59:59","date_gmt":"2023-01-05T15:59:59","guid":{"rendered":"https:\/\/flmdev.dev1.symbiotica.rs\/terms-conditions\/"},"modified":"2026-01-29T13:43:39","modified_gmt":"2026-01-29T13:43:39","slug":"conditions-generales-dutilisation","status":"publish","type":"page","link":"https:\/\/flmdev.dev1.symbiotica.rs\/fr-ca\/conditions-generales-dutilisation\/","title":{"rendered":"Conditions g\u00e9n\u00e9rales d&rsquo;utilisation"},"content":{"rendered":"","protected":false},"excerpt":{"rendered":"","protected":false},"author":1,"featured_media":0,"parent":0,"menu_order":0,"comment_status":"closed","ping_status":"closed","template":"page-templates\/template-flexible-content.php","meta":{"_acf_changed":false,"footnotes":""},"class_list":["post-12912","page","type-page","status-publish","hentry"],"acf":[],"yoast_head":"<!-- This site is optimized with the Yoast SEO Premium plugin v22.8 (Yoast SEO v26.8) - https:\/\/yoast.com\/product\/yoast-seo-premium-wordpress\/ -->\n<title>Conditions g\u00e9n\u00e9rales | Food Label Maker<\/title>\n<meta name=\"description\" content=\"Restez inform\u00e9 des conditions g\u00e9n\u00e9rales r\u00e9gissant l&#039;utilisation de Food Label Maker. Visitez notre page pour en savoir plus et assurer votre conformit\u00e9.\" \/>\n<meta name=\"robots\" content=\"noindex, follow, max-snippet:-1, max-image-preview:large, max-video-preview:-1\" \/>\n<meta property=\"og:locale\" content=\"fr_CA\" \/>\n<meta property=\"og:type\" content=\"article\" \/>\n<meta property=\"og:title\" content=\"Conditions g\u00e9n\u00e9rales d&#039;utilisation\" \/>\n<meta property=\"og:description\" content=\"Restez inform\u00e9 des conditions g\u00e9n\u00e9rales r\u00e9gissant l&#039;utilisation de Food Label Maker. Visitez notre page pour en savoir plus et assurer votre conformit\u00e9.\" \/>\n<meta property=\"og:url\" content=\"https:\/\/flmdev.dev1.symbiotica.rs\/fr-ca\/conditions-generales-dutilisation\/\" \/>\n<meta property=\"og:site_name\" content=\"Food Label Maker\" \/>\n<meta property=\"article:publisher\" content=\"https:\/\/www.facebook.com\/foodlabelmaker\/\" \/>\n<meta property=\"article:modified_time\" content=\"2026-01-29T13:43:39+00:00\" \/>\n<meta property=\"og:image\" content=\"https:\/\/flmdev.dev1.symbiotica.rs\/wp-content\/uploads\/2023\/10\/foodlabelmaker-preview-img.webp\" \/>\n\t<meta property=\"og:image:width\" content=\"1200\" \/>\n\t<meta property=\"og:image:height\" content=\"675\" \/>\n\t<meta property=\"og:image:type\" content=\"image\/webp\" \/>\n<meta name=\"twitter:card\" content=\"summary_large_image\" \/>\n<script type=\"application\/ld+json\" class=\"yoast-schema-graph\">{\"@context\":\"https:\/\/schema.org\",\"@graph\":[{\"@type\":\"WebPage\",\"@id\":\"https:\/\/flmdev.dev1.symbiotica.rs\/fr-ca\/conditions-generales-dutilisation\/\",\"url\":\"https:\/\/flmdev.dev1.symbiotica.rs\/fr-ca\/conditions-generales-dutilisation\/\",\"name\":\"Conditions g\u00e9n\u00e9rales | Food Label Maker\",\"isPartOf\":{\"@id\":\"https:\/\/flmdev.dev1.symbiotica.rs\/fr-ca\/#website\"},\"datePublished\":\"2023-01-05T15:59:59+00:00\",\"dateModified\":\"2026-01-29T13:43:39+00:00\",\"description\":\"Restez inform\u00e9 des conditions g\u00e9n\u00e9rales r\u00e9gissant l'utilisation de Food Label Maker. Visitez notre page pour en savoir plus et assurer votre conformit\u00e9.\",\"breadcrumb\":{\"@id\":\"https:\/\/flmdev.dev1.symbiotica.rs\/fr-ca\/conditions-generales-dutilisation\/#breadcrumb\"},\"inLanguage\":\"fr-CA\",\"potentialAction\":[{\"@type\":\"ReadAction\",\"target\":[\"https:\/\/flmdev.dev1.symbiotica.rs\/fr-ca\/conditions-generales-dutilisation\/\"]}]},{\"@type\":\"BreadcrumbList\",\"@id\":\"https:\/\/flmdev.dev1.symbiotica.rs\/fr-ca\/conditions-generales-dutilisation\/#breadcrumb\",\"itemListElement\":[{\"@type\":\"ListItem\",\"position\":1,\"name\":\"Accueil\",\"item\":\"https:\/\/flmdev.dev1.symbiotica.rs\/fr-ca\/\"},{\"@type\":\"ListItem\",\"position\":2,\"name\":\"Conditions g\u00e9n\u00e9rales d&rsquo;utilisation\"}]},{\"@type\":\"WebSite\",\"@id\":\"https:\/\/flmdev.dev1.symbiotica.rs\/fr-ca\/#website\",\"url\":\"https:\/\/flmdev.dev1.symbiotica.rs\/fr-ca\/\",\"name\":\"Food Label Maker\",\"description\":\"\",\"potentialAction\":[{\"@type\":\"SearchAction\",\"target\":{\"@type\":\"EntryPoint\",\"urlTemplate\":\"https:\/\/flmdev.dev1.symbiotica.rs\/fr-ca\/?s={search_term_string}\"},\"query-input\":{\"@type\":\"PropertyValueSpecification\",\"valueRequired\":true,\"valueName\":\"search_term_string\"}}],\"inLanguage\":\"fr-CA\"}]}<\/script>\n<!-- \/ Yoast SEO Premium plugin. -->","yoast_head_json":{"title":"Conditions g\u00e9n\u00e9rales | Food Label Maker","description":"Restez inform\u00e9 des conditions g\u00e9n\u00e9rales r\u00e9gissant l'utilisation de Food Label Maker. Visitez notre page pour en savoir plus et assurer votre conformit\u00e9.","robots":{"index":"noindex","follow":"follow","max-snippet":"max-snippet:-1","max-image-preview":"max-image-preview:large","max-video-preview":"max-video-preview:-1"},"og_locale":"fr_CA","og_type":"article","og_title":"Conditions g\u00e9n\u00e9rales d'utilisation","og_description":"Restez inform\u00e9 des conditions g\u00e9n\u00e9rales r\u00e9gissant l'utilisation de Food Label Maker. Visitez notre page pour en savoir plus et assurer votre conformit\u00e9.","og_url":"https:\/\/flmdev.dev1.symbiotica.rs\/fr-ca\/conditions-generales-dutilisation\/","og_site_name":"Food Label Maker","article_publisher":"https:\/\/www.facebook.com\/foodlabelmaker\/","article_modified_time":"2026-01-29T13:43:39+00:00","og_image":[{"width":1200,"height":675,"url":"https:\/\/flmdev.dev1.symbiotica.rs\/wp-content\/uploads\/2023\/10\/foodlabelmaker-preview-img.webp","type":"image\/webp"}],"twitter_card":"summary_large_image","schema":{"@context":"https:\/\/schema.org","@graph":[{"@type":"WebPage","@id":"https:\/\/flmdev.dev1.symbiotica.rs\/fr-ca\/conditions-generales-dutilisation\/","url":"https:\/\/flmdev.dev1.symbiotica.rs\/fr-ca\/conditions-generales-dutilisation\/","name":"Conditions g\u00e9n\u00e9rales | Food Label Maker","isPartOf":{"@id":"https:\/\/flmdev.dev1.symbiotica.rs\/fr-ca\/#website"},"datePublished":"2023-01-05T15:59:59+00:00","dateModified":"2026-01-29T13:43:39+00:00","description":"Restez inform\u00e9 des conditions g\u00e9n\u00e9rales r\u00e9gissant l'utilisation de Food Label Maker. Visitez notre page pour en savoir plus et assurer votre conformit\u00e9.","breadcrumb":{"@id":"https:\/\/flmdev.dev1.symbiotica.rs\/fr-ca\/conditions-generales-dutilisation\/#breadcrumb"},"inLanguage":"fr-CA","potentialAction":[{"@type":"ReadAction","target":["https:\/\/flmdev.dev1.symbiotica.rs\/fr-ca\/conditions-generales-dutilisation\/"]}]},{"@type":"BreadcrumbList","@id":"https:\/\/flmdev.dev1.symbiotica.rs\/fr-ca\/conditions-generales-dutilisation\/#breadcrumb","itemListElement":[{"@type":"ListItem","position":1,"name":"Accueil","item":"https:\/\/flmdev.dev1.symbiotica.rs\/fr-ca\/"},{"@type":"ListItem","position":2,"name":"Conditions g\u00e9n\u00e9rales d&rsquo;utilisation"}]},{"@type":"WebSite","@id":"https:\/\/flmdev.dev1.symbiotica.rs\/fr-ca\/#website","url":"https:\/\/flmdev.dev1.symbiotica.rs\/fr-ca\/","name":"Food Label Maker","description":"","potentialAction":[{"@type":"SearchAction","target":{"@type":"EntryPoint","urlTemplate":"https:\/\/flmdev.dev1.symbiotica.rs\/fr-ca\/?s={search_term_string}"},"query-input":{"@type":"PropertyValueSpecification","valueRequired":true,"valueName":"search_term_string"}}],"inLanguage":"fr-CA"}]}},"_links":{"self":[{"href":"https:\/\/flmdev.dev1.symbiotica.rs\/fr-ca\/wp-json\/wp\/v2\/pages\/12912","targetHints":{"allow":["GET"]}}],"collection":[{"href":"https:\/\/flmdev.dev1.symbiotica.rs\/fr-ca\/wp-json\/wp\/v2\/pages"}],"about":[{"href":"https:\/\/flmdev.dev1.symbiotica.rs\/fr-ca\/wp-json\/wp\/v2\/types\/page"}],"author":[{"embeddable":true,"href":"https:\/\/flmdev.dev1.symbiotica.rs\/fr-ca\/wp-json\/wp\/v2\/users\/1"}],"replies":[{"embeddable":true,"href":"https:\/\/flmdev.dev1.symbiotica.rs\/fr-ca\/wp-json\/wp\/v2\/comments?post=12912"}],"version-history":[{"count":2,"href":"https:\/\/flmdev.dev1.symbiotica.rs\/fr-ca\/wp-json\/wp\/v2\/pages\/12912\/revisions"}],"predecessor-version":[{"id":18259,"href":"https:\/\/flmdev.dev1.symbiotica.rs\/fr-ca\/wp-json\/wp\/v2\/pages\/12912\/revisions\/18259"}],"wp:attachment":[{"href":"https:\/\/flmdev.dev1.symbiotica.rs\/fr-ca\/wp-json\/wp\/v2\/media?parent=12912"}],"curies":[{"name":"wp","href":"https:\/\/api.w.org\/{rel}","templated":true}]}}