{"id":12826,"date":"2024-03-28T12:31:42","date_gmt":"2024-03-28T12:31:42","guid":{"rendered":"https:\/\/flmdev.dev1.symbiotica.rs\/recipe-costing\/"},"modified":"2025-12-18T09:29:43","modified_gmt":"2025-12-18T09:29:43","slug":"calcul-des-couts-de-recette","status":"publish","type":"page","link":"https:\/\/flmdev.dev1.symbiotica.rs\/fr-ca\/calcul-des-couts-de-recette\/","title":{"rendered":"Calcul des co\u00fbts de recettes"},"content":{"rendered":"","protected":false},"excerpt":{"rendered":"","protected":false},"author":1,"featured_media":0,"parent":0,"menu_order":0,"comment_status":"closed","ping_status":"closed","template":"page-templates\/template-flexible-content.php","meta":{"_acf_changed":false,"footnotes":""},"class_list":["post-12826","page","type-page","status-publish","hentry"],"acf":[],"yoast_head":"<!-- This site is optimized with the Yoast SEO Premium plugin v22.8 (Yoast SEO v26.8) - https:\/\/yoast.com\/product\/yoast-seo-premium-wordpress\/ -->\n<title>Logiciel de calcul de co\u00fbt de recette - Food Label Maker<\/title>\n<meta name=\"description\" content=\"Optimisez vos op\u00e9rations avec notre logiciel de calcul de co\u00fbt : suivez les co\u00fbts, gagnez du temps et augmentez votre rentabilit\u00e9 sans effort.\" \/>\n<meta name=\"robots\" content=\"noindex, follow, max-snippet:-1, max-image-preview:large, max-video-preview:-1\" \/>\n<meta property=\"og:locale\" content=\"fr_CA\" \/>\n<meta property=\"og:type\" content=\"article\" \/>\n<meta property=\"og:title\" content=\"Calcul des co\u00fbts de recettes\" \/>\n<meta property=\"og:description\" content=\"Optimisez vos op\u00e9rations avec notre logiciel de calcul de co\u00fbt : suivez les co\u00fbts, gagnez du temps et augmentez votre rentabilit\u00e9 sans effort.\" \/>\n<meta property=\"og:url\" content=\"https:\/\/flmdev.dev1.symbiotica.rs\/fr-ca\/calcul-des-couts-de-recette\/\" \/>\n<meta property=\"og:site_name\" content=\"Food Label Maker\" \/>\n<meta property=\"article:publisher\" content=\"https:\/\/www.facebook.com\/foodlabelmaker\/\" \/>\n<meta property=\"article:modified_time\" content=\"2025-12-18T09:29:43+00:00\" \/>\n<meta property=\"og:image\" content=\"https:\/\/flmdev.dev1.symbiotica.rs\/wp-content\/uploads\/2023\/10\/foodlabelmaker-preview-img.webp\" \/>\n\t<meta property=\"og:image:width\" content=\"1200\" \/>\n\t<meta property=\"og:image:height\" content=\"675\" \/>\n\t<meta property=\"og:image:type\" content=\"image\/webp\" \/>\n<meta name=\"twitter:card\" content=\"summary_large_image\" \/>\n<script type=\"application\/ld+json\" class=\"yoast-schema-graph\">{\"@context\":\"https:\/\/schema.org\",\"@graph\":[{\"@type\":\"WebPage\",\"@id\":\"https:\/\/flmdev.dev1.symbiotica.rs\/fr-ca\/calcul-des-couts-de-recette\/\",\"url\":\"https:\/\/flmdev.dev1.symbiotica.rs\/fr-ca\/calcul-des-couts-de-recette\/\",\"name\":\"Logiciel de calcul de co\u00fbt de recette - Food Label Maker\",\"isPartOf\":{\"@id\":\"https:\/\/flmdev.dev1.symbiotica.rs\/fr-ca\/#website\"},\"datePublished\":\"2024-03-28T12:31:42+00:00\",\"dateModified\":\"2025-12-18T09:29:43+00:00\",\"description\":\"Optimisez vos op\u00e9rations avec notre logiciel de calcul de co\u00fbt : suivez les co\u00fbts, gagnez du temps et augmentez votre rentabilit\u00e9 sans effort.\",\"breadcrumb\":{\"@id\":\"https:\/\/flmdev.dev1.symbiotica.rs\/fr-ca\/calcul-des-couts-de-recette\/#breadcrumb\"},\"inLanguage\":\"fr-CA\",\"potentialAction\":[{\"@type\":\"ReadAction\",\"target\":[\"https:\/\/flmdev.dev1.symbiotica.rs\/fr-ca\/calcul-des-couts-de-recette\/\"]}]},{\"@type\":\"BreadcrumbList\",\"@id\":\"https:\/\/flmdev.dev1.symbiotica.rs\/fr-ca\/calcul-des-couts-de-recette\/#breadcrumb\",\"itemListElement\":[{\"@type\":\"ListItem\",\"position\":1,\"name\":\"Accueil\",\"item\":\"https:\/\/flmdev.dev1.symbiotica.rs\/fr-ca\/\"},{\"@type\":\"ListItem\",\"position\":2,\"name\":\"Calcul des co\u00fbts de recettes\"}]},{\"@type\":\"WebSite\",\"@id\":\"https:\/\/flmdev.dev1.symbiotica.rs\/fr-ca\/#website\",\"url\":\"https:\/\/flmdev.dev1.symbiotica.rs\/fr-ca\/\",\"name\":\"Food Label Maker\",\"description\":\"\",\"potentialAction\":[{\"@type\":\"SearchAction\",\"target\":{\"@type\":\"EntryPoint\",\"urlTemplate\":\"https:\/\/flmdev.dev1.symbiotica.rs\/fr-ca\/?s={search_term_string}\"},\"query-input\":{\"@type\":\"PropertyValueSpecification\",\"valueRequired\":true,\"valueName\":\"search_term_string\"}}],\"inLanguage\":\"fr-CA\"}]}<\/script>\n<!-- \/ Yoast SEO Premium plugin. -->","yoast_head_json":{"title":"Logiciel de calcul de co\u00fbt de recette - Food Label Maker","description":"Optimisez vos op\u00e9rations avec notre logiciel de calcul de co\u00fbt : suivez les co\u00fbts, gagnez du temps et augmentez votre rentabilit\u00e9 sans effort.","robots":{"index":"noindex","follow":"follow","max-snippet":"max-snippet:-1","max-image-preview":"max-image-preview:large","max-video-preview":"max-video-preview:-1"},"og_locale":"fr_CA","og_type":"article","og_title":"Calcul des co\u00fbts de recettes","og_description":"Optimisez vos op\u00e9rations avec notre logiciel de calcul de co\u00fbt : suivez les co\u00fbts, gagnez du temps et augmentez votre rentabilit\u00e9 sans effort.","og_url":"https:\/\/flmdev.dev1.symbiotica.rs\/fr-ca\/calcul-des-couts-de-recette\/","og_site_name":"Food Label Maker","article_publisher":"https:\/\/www.facebook.com\/foodlabelmaker\/","article_modified_time":"2025-12-18T09:29:43+00:00","og_image":[{"width":1200,"height":675,"url":"https:\/\/flmdev.dev1.symbiotica.rs\/wp-content\/uploads\/2023\/10\/foodlabelmaker-preview-img.webp","type":"image\/webp"}],"twitter_card":"summary_large_image","schema":{"@context":"https:\/\/schema.org","@graph":[{"@type":"WebPage","@id":"https:\/\/flmdev.dev1.symbiotica.rs\/fr-ca\/calcul-des-couts-de-recette\/","url":"https:\/\/flmdev.dev1.symbiotica.rs\/fr-ca\/calcul-des-couts-de-recette\/","name":"Logiciel de calcul de co\u00fbt de recette - Food Label Maker","isPartOf":{"@id":"https:\/\/flmdev.dev1.symbiotica.rs\/fr-ca\/#website"},"datePublished":"2024-03-28T12:31:42+00:00","dateModified":"2025-12-18T09:29:43+00:00","description":"Optimisez vos op\u00e9rations avec notre logiciel de calcul de co\u00fbt : suivez les co\u00fbts, gagnez du temps et augmentez votre rentabilit\u00e9 sans effort.","breadcrumb":{"@id":"https:\/\/flmdev.dev1.symbiotica.rs\/fr-ca\/calcul-des-couts-de-recette\/#breadcrumb"},"inLanguage":"fr-CA","potentialAction":[{"@type":"ReadAction","target":["https:\/\/flmdev.dev1.symbiotica.rs\/fr-ca\/calcul-des-couts-de-recette\/"]}]},{"@type":"BreadcrumbList","@id":"https:\/\/flmdev.dev1.symbiotica.rs\/fr-ca\/calcul-des-couts-de-recette\/#breadcrumb","itemListElement":[{"@type":"ListItem","position":1,"name":"Accueil","item":"https:\/\/flmdev.dev1.symbiotica.rs\/fr-ca\/"},{"@type":"ListItem","position":2,"name":"Calcul des co\u00fbts de recettes"}]},{"@type":"WebSite","@id":"https:\/\/flmdev.dev1.symbiotica.rs\/fr-ca\/#website","url":"https:\/\/flmdev.dev1.symbiotica.rs\/fr-ca\/","name":"Food Label Maker","description":"","potentialAction":[{"@type":"SearchAction","target":{"@type":"EntryPoint","urlTemplate":"https:\/\/flmdev.dev1.symbiotica.rs\/fr-ca\/?s={search_term_string}"},"query-input":{"@type":"PropertyValueSpecification","valueRequired":true,"valueName":"search_term_string"}}],"inLanguage":"fr-CA"}]}},"_links":{"self":[{"href":"https:\/\/flmdev.dev1.symbiotica.rs\/fr-ca\/wp-json\/wp\/v2\/pages\/12826","targetHints":{"allow":["GET"]}}],"collection":[{"href":"https:\/\/flmdev.dev1.symbiotica.rs\/fr-ca\/wp-json\/wp\/v2\/pages"}],"about":[{"href":"https:\/\/flmdev.dev1.symbiotica.rs\/fr-ca\/wp-json\/wp\/v2\/types\/page"}],"author":[{"embeddable":true,"href":"https:\/\/flmdev.dev1.symbiotica.rs\/fr-ca\/wp-json\/wp\/v2\/users\/1"}],"replies":[{"embeddable":true,"href":"https:\/\/flmdev.dev1.symbiotica.rs\/fr-ca\/wp-json\/wp\/v2\/comments?post=12826"}],"version-history":[{"count":3,"href":"https:\/\/flmdev.dev1.symbiotica.rs\/fr-ca\/wp-json\/wp\/v2\/pages\/12826\/revisions"}],"predecessor-version":[{"id":14000,"href":"https:\/\/flmdev.dev1.symbiotica.rs\/fr-ca\/wp-json\/wp\/v2\/pages\/12826\/revisions\/14000"}],"wp:attachment":[{"href":"https:\/\/flmdev.dev1.symbiotica.rs\/fr-ca\/wp-json\/wp\/v2\/media?parent=12826"}],"curies":[{"name":"wp","href":"https:\/\/api.w.org\/{rel}","templated":true}]}}