{"id":11218,"date":"2025-09-02T14:59:03","date_gmt":"2025-09-02T14:59:03","guid":{"rendered":"https:\/\/flmdev.dev1.symbiotica.rs\/ingredient-database-for-nutrition-labels\/"},"modified":"2026-01-19T13:38:02","modified_gmt":"2026-01-19T13:38:02","slug":"base-de-donnees-dingredients-pour-les-tableaux-de-valeurs-nutritionnelles","status":"publish","type":"page","link":"https:\/\/flmdev.dev1.symbiotica.rs\/fr-ca\/fonctionnalites\/base-de-donnees-dingredients-pour-les-tableaux-de-valeurs-nutritionnelles\/","title":{"rendered":"Base de donn\u00e9es des ingr\u00e9dients alimentaires pour l&rsquo;\u00e9tiquetage nutritionnel"},"content":{"rendered":"","protected":false},"excerpt":{"rendered":"","protected":false},"author":1,"featured_media":0,"parent":14404,"menu_order":0,"comment_status":"closed","ping_status":"closed","template":"page-templates\/template-features-flexible-content.php","meta":{"_acf_changed":false,"footnotes":""},"class_list":["post-11218","page","type-page","status-publish","hentry"],"acf":[],"yoast_head":"<!-- This site is optimized with the Yoast SEO Premium plugin v22.8 (Yoast SEO v26.8) - https:\/\/yoast.com\/product\/yoast-seo-premium-wordpress\/ -->\n<title>Base de donn\u00e9es d&#039;ingr\u00e9dients pour \u00e9tiquettes | Food Label Maker<\/title>\n<meta name=\"description\" content=\"G\u00e9n\u00e9rez des \u00e9tiquettes conformes gr\u00e2ce \u00e0 notre vaste base de donn\u00e9es de plus de 500 000 ingr\u00e9dients v\u00e9rifi\u00e9s. Visitez Food Label Maker.\" \/>\n<meta name=\"robots\" content=\"noindex, follow, max-snippet:-1, max-image-preview:large, max-video-preview:-1\" \/>\n<meta property=\"og:locale\" content=\"fr_CA\" \/>\n<meta property=\"og:type\" content=\"article\" \/>\n<meta property=\"og:title\" content=\"Base de donn\u00e9es des ingr\u00e9dients alimentaires pour l&#039;\u00e9tiquetage nutritionnel\" \/>\n<meta property=\"og:description\" content=\"G\u00e9n\u00e9rez des \u00e9tiquettes conformes gr\u00e2ce \u00e0 notre vaste base de donn\u00e9es de plus de 500 000 ingr\u00e9dients v\u00e9rifi\u00e9s. Visitez Food Label Maker.\" \/>\n<meta property=\"og:url\" content=\"https:\/\/flmdev.dev1.symbiotica.rs\/fr-ca\/fonctionnalites\/base-de-donnees-dingredients-pour-les-tableaux-de-valeurs-nutritionnelles\/\" \/>\n<meta property=\"og:site_name\" content=\"Food Label Maker\" \/>\n<meta property=\"article:publisher\" content=\"https:\/\/www.facebook.com\/foodlabelmaker\/\" \/>\n<meta property=\"article:modified_time\" content=\"2026-01-19T13:38:02+00:00\" \/>\n<meta property=\"og:image\" content=\"https:\/\/flmdev.dev1.symbiotica.rs\/wp-content\/uploads\/2023\/10\/foodlabelmaker-preview-img.webp\" \/>\n\t<meta property=\"og:image:width\" content=\"1200\" \/>\n\t<meta property=\"og:image:height\" content=\"675\" \/>\n\t<meta property=\"og:image:type\" content=\"image\/webp\" \/>\n<meta name=\"twitter:card\" content=\"summary_large_image\" \/>\n<script type=\"application\/ld+json\" class=\"yoast-schema-graph\">{\"@context\":\"https:\/\/schema.org\",\"@graph\":[{\"@type\":\"WebPage\",\"@id\":\"https:\/\/flmdev.dev1.symbiotica.rs\/fr-ca\/fonctionnalites\/base-de-donnees-dingredients-pour-les-tableaux-de-valeurs-nutritionnelles\/\",\"url\":\"https:\/\/flmdev.dev1.symbiotica.rs\/fr-ca\/fonctionnalites\/base-de-donnees-dingredients-pour-les-tableaux-de-valeurs-nutritionnelles\/\",\"name\":\"Base de donn\u00e9es d'ingr\u00e9dients pour \u00e9tiquettes | Food Label Maker\",\"isPartOf\":{\"@id\":\"https:\/\/flmdev.dev1.symbiotica.rs\/fr-ca\/#website\"},\"datePublished\":\"2025-09-02T14:59:03+00:00\",\"dateModified\":\"2026-01-19T13:38:02+00:00\",\"description\":\"G\u00e9n\u00e9rez des \u00e9tiquettes conformes gr\u00e2ce \u00e0 notre vaste base de donn\u00e9es de plus de 500 000 ingr\u00e9dients v\u00e9rifi\u00e9s. Visitez Food Label Maker.\",\"breadcrumb\":{\"@id\":\"https:\/\/flmdev.dev1.symbiotica.rs\/fr-ca\/fonctionnalites\/base-de-donnees-dingredients-pour-les-tableaux-de-valeurs-nutritionnelles\/#breadcrumb\"},\"inLanguage\":\"fr-CA\",\"potentialAction\":[{\"@type\":\"ReadAction\",\"target\":[\"https:\/\/flmdev.dev1.symbiotica.rs\/fr-ca\/fonctionnalites\/base-de-donnees-dingredients-pour-les-tableaux-de-valeurs-nutritionnelles\/\"]}]},{\"@type\":\"BreadcrumbList\",\"@id\":\"https:\/\/flmdev.dev1.symbiotica.rs\/fr-ca\/fonctionnalites\/base-de-donnees-dingredients-pour-les-tableaux-de-valeurs-nutritionnelles\/#breadcrumb\",\"itemListElement\":[{\"@type\":\"ListItem\",\"position\":1,\"name\":\"Accueil\",\"item\":\"https:\/\/flmdev.dev1.symbiotica.rs\/fr-ca\/\"},{\"@type\":\"ListItem\",\"position\":2,\"name\":\"Features\",\"item\":\"https:\/\/flmdev.dev1.symbiotica.rs\/fr-ca\/fonctionnalites\/\"},{\"@type\":\"ListItem\",\"position\":3,\"name\":\"Base de donn\u00e9es des ingr\u00e9dients alimentaires pour l&#8217;\u00e9tiquetage nutritionnel\"}]},{\"@type\":\"WebSite\",\"@id\":\"https:\/\/flmdev.dev1.symbiotica.rs\/fr-ca\/#website\",\"url\":\"https:\/\/flmdev.dev1.symbiotica.rs\/fr-ca\/\",\"name\":\"Food Label Maker\",\"description\":\"\",\"potentialAction\":[{\"@type\":\"SearchAction\",\"target\":{\"@type\":\"EntryPoint\",\"urlTemplate\":\"https:\/\/flmdev.dev1.symbiotica.rs\/fr-ca\/?s={search_term_string}\"},\"query-input\":{\"@type\":\"PropertyValueSpecification\",\"valueRequired\":true,\"valueName\":\"search_term_string\"}}],\"inLanguage\":\"fr-CA\"}]}<\/script>\n<!-- \/ Yoast SEO Premium plugin. -->","yoast_head_json":{"title":"Base de donn\u00e9es d'ingr\u00e9dients pour \u00e9tiquettes | Food Label Maker","description":"G\u00e9n\u00e9rez des \u00e9tiquettes conformes gr\u00e2ce \u00e0 notre vaste base de donn\u00e9es de plus de 500 000 ingr\u00e9dients v\u00e9rifi\u00e9s. Visitez Food Label Maker.","robots":{"index":"noindex","follow":"follow","max-snippet":"max-snippet:-1","max-image-preview":"max-image-preview:large","max-video-preview":"max-video-preview:-1"},"og_locale":"fr_CA","og_type":"article","og_title":"Base de donn\u00e9es des ingr\u00e9dients alimentaires pour l'\u00e9tiquetage nutritionnel","og_description":"G\u00e9n\u00e9rez des \u00e9tiquettes conformes gr\u00e2ce \u00e0 notre vaste base de donn\u00e9es de plus de 500 000 ingr\u00e9dients v\u00e9rifi\u00e9s. Visitez Food Label Maker.","og_url":"https:\/\/flmdev.dev1.symbiotica.rs\/fr-ca\/fonctionnalites\/base-de-donnees-dingredients-pour-les-tableaux-de-valeurs-nutritionnelles\/","og_site_name":"Food Label Maker","article_publisher":"https:\/\/www.facebook.com\/foodlabelmaker\/","article_modified_time":"2026-01-19T13:38:02+00:00","og_image":[{"width":1200,"height":675,"url":"https:\/\/flmdev.dev1.symbiotica.rs\/wp-content\/uploads\/2023\/10\/foodlabelmaker-preview-img.webp","type":"image\/webp"}],"twitter_card":"summary_large_image","schema":{"@context":"https:\/\/schema.org","@graph":[{"@type":"WebPage","@id":"https:\/\/flmdev.dev1.symbiotica.rs\/fr-ca\/fonctionnalites\/base-de-donnees-dingredients-pour-les-tableaux-de-valeurs-nutritionnelles\/","url":"https:\/\/flmdev.dev1.symbiotica.rs\/fr-ca\/fonctionnalites\/base-de-donnees-dingredients-pour-les-tableaux-de-valeurs-nutritionnelles\/","name":"Base de donn\u00e9es d'ingr\u00e9dients pour \u00e9tiquettes | Food Label Maker","isPartOf":{"@id":"https:\/\/flmdev.dev1.symbiotica.rs\/fr-ca\/#website"},"datePublished":"2025-09-02T14:59:03+00:00","dateModified":"2026-01-19T13:38:02+00:00","description":"G\u00e9n\u00e9rez des \u00e9tiquettes conformes gr\u00e2ce \u00e0 notre vaste base de donn\u00e9es de plus de 500 000 ingr\u00e9dients v\u00e9rifi\u00e9s. Visitez Food Label Maker.","breadcrumb":{"@id":"https:\/\/flmdev.dev1.symbiotica.rs\/fr-ca\/fonctionnalites\/base-de-donnees-dingredients-pour-les-tableaux-de-valeurs-nutritionnelles\/#breadcrumb"},"inLanguage":"fr-CA","potentialAction":[{"@type":"ReadAction","target":["https:\/\/flmdev.dev1.symbiotica.rs\/fr-ca\/fonctionnalites\/base-de-donnees-dingredients-pour-les-tableaux-de-valeurs-nutritionnelles\/"]}]},{"@type":"BreadcrumbList","@id":"https:\/\/flmdev.dev1.symbiotica.rs\/fr-ca\/fonctionnalites\/base-de-donnees-dingredients-pour-les-tableaux-de-valeurs-nutritionnelles\/#breadcrumb","itemListElement":[{"@type":"ListItem","position":1,"name":"Accueil","item":"https:\/\/flmdev.dev1.symbiotica.rs\/fr-ca\/"},{"@type":"ListItem","position":2,"name":"Features","item":"https:\/\/flmdev.dev1.symbiotica.rs\/fr-ca\/fonctionnalites\/"},{"@type":"ListItem","position":3,"name":"Base de donn\u00e9es des ingr\u00e9dients alimentaires pour l&#8217;\u00e9tiquetage nutritionnel"}]},{"@type":"WebSite","@id":"https:\/\/flmdev.dev1.symbiotica.rs\/fr-ca\/#website","url":"https:\/\/flmdev.dev1.symbiotica.rs\/fr-ca\/","name":"Food Label Maker","description":"","potentialAction":[{"@type":"SearchAction","target":{"@type":"EntryPoint","urlTemplate":"https:\/\/flmdev.dev1.symbiotica.rs\/fr-ca\/?s={search_term_string}"},"query-input":{"@type":"PropertyValueSpecification","valueRequired":true,"valueName":"search_term_string"}}],"inLanguage":"fr-CA"}]}},"_links":{"self":[{"href":"https:\/\/flmdev.dev1.symbiotica.rs\/fr-ca\/wp-json\/wp\/v2\/pages\/11218","targetHints":{"allow":["GET"]}}],"collection":[{"href":"https:\/\/flmdev.dev1.symbiotica.rs\/fr-ca\/wp-json\/wp\/v2\/pages"}],"about":[{"href":"https:\/\/flmdev.dev1.symbiotica.rs\/fr-ca\/wp-json\/wp\/v2\/types\/page"}],"author":[{"embeddable":true,"href":"https:\/\/flmdev.dev1.symbiotica.rs\/fr-ca\/wp-json\/wp\/v2\/users\/1"}],"replies":[{"embeddable":true,"href":"https:\/\/flmdev.dev1.symbiotica.rs\/fr-ca\/wp-json\/wp\/v2\/comments?post=11218"}],"version-history":[{"count":5,"href":"https:\/\/flmdev.dev1.symbiotica.rs\/fr-ca\/wp-json\/wp\/v2\/pages\/11218\/revisions"}],"predecessor-version":[{"id":13296,"href":"https:\/\/flmdev.dev1.symbiotica.rs\/fr-ca\/wp-json\/wp\/v2\/pages\/11218\/revisions\/13296"}],"up":[{"embeddable":true,"href":"https:\/\/flmdev.dev1.symbiotica.rs\/fr-ca\/wp-json\/wp\/v2\/pages\/14404"}],"wp:attachment":[{"href":"https:\/\/flmdev.dev1.symbiotica.rs\/fr-ca\/wp-json\/wp\/v2\/media?parent=11218"}],"curies":[{"name":"wp","href":"https:\/\/api.w.org\/{rel}","templated":true}]}}