{"id":11230,"date":"2025-10-17T14:34:17","date_gmt":"2025-10-17T14:34:17","guid":{"rendered":"https:\/\/flmdev.dev1.symbiotica.rs\/protein-quality-adjustment\/"},"modified":"2026-01-29T13:39:35","modified_gmt":"2026-01-29T13:39:35","slug":"ajuste-calidad-proteina","status":"publish","type":"page","link":"https:\/\/flmdev.dev1.symbiotica.rs\/es-mx\/funciones\/ajuste-calidad-proteina\/","title":{"rendered":"Ajuste de la calidad de las prote\u00ednas"},"content":{"rendered":"","protected":false},"excerpt":{"rendered":"","protected":false},"author":1,"featured_media":0,"parent":14405,"menu_order":0,"comment_status":"closed","ping_status":"closed","template":"page-templates\/template-features-flexible-content.php","meta":{"_acf_changed":false,"footnotes":""},"class_list":["post-11230","page","type-page","status-publish","hentry"],"acf":[],"yoast_head":"<!-- This site is optimized with the Yoast SEO Premium plugin v22.8 (Yoast SEO v26.8) - https:\/\/yoast.com\/product\/yoast-seo-premium-wordpress\/ -->\n<title>Software de ajuste de calidad de prote\u00edna | Food Label Maker<\/title>\n<meta name=\"description\" content=\"Utiliza la puntuaci\u00f3n PDCAAS y haz declaraciones de prote\u00edna precisas con nuestro software de ajuste de calidad de prote\u00edna. Visita Food Label Maker.\" \/>\n<meta name=\"robots\" content=\"noindex, follow, max-snippet:-1, max-image-preview:large, max-video-preview:-1\" \/>\n<meta property=\"og:locale\" content=\"es_MX\" \/>\n<meta property=\"og:type\" content=\"article\" \/>\n<meta property=\"og:title\" content=\"Ajuste de la calidad de las prote\u00ednas\" \/>\n<meta property=\"og:description\" content=\"Utiliza la puntuaci\u00f3n PDCAAS y haz declaraciones de prote\u00edna precisas con nuestro software de ajuste de calidad de prote\u00edna. Visita Food Label Maker.\" \/>\n<meta property=\"og:url\" content=\"https:\/\/flmdev.dev1.symbiotica.rs\/es-mx\/funciones\/ajuste-calidad-proteina\/\" \/>\n<meta property=\"og:site_name\" content=\"Food Label Maker\" \/>\n<meta property=\"article:publisher\" content=\"https:\/\/www.facebook.com\/foodlabelmaker\/\" \/>\n<meta property=\"article:modified_time\" content=\"2026-01-29T13:39:35+00:00\" \/>\n<meta property=\"og:image\" content=\"https:\/\/flmdev.dev1.symbiotica.rs\/wp-content\/uploads\/2023\/10\/foodlabelmaker-preview-img.webp\" \/>\n\t<meta property=\"og:image:width\" content=\"1200\" \/>\n\t<meta property=\"og:image:height\" content=\"675\" \/>\n\t<meta property=\"og:image:type\" content=\"image\/webp\" \/>\n<meta name=\"twitter:card\" content=\"summary_large_image\" \/>\n<script type=\"application\/ld+json\" class=\"yoast-schema-graph\">{\"@context\":\"https:\/\/schema.org\",\"@graph\":[{\"@type\":\"WebPage\",\"@id\":\"https:\/\/flmdev.dev1.symbiotica.rs\/es-mx\/funciones\/ajuste-calidad-proteina\/\",\"url\":\"https:\/\/flmdev.dev1.symbiotica.rs\/es-mx\/funciones\/ajuste-calidad-proteina\/\",\"name\":\"Software de ajuste de calidad de prote\u00edna | Food Label Maker\",\"isPartOf\":{\"@id\":\"https:\/\/flmdev.dev1.symbiotica.rs\/es-mx\/#website\"},\"datePublished\":\"2025-10-17T14:34:17+00:00\",\"dateModified\":\"2026-01-29T13:39:35+00:00\",\"description\":\"Utiliza la puntuaci\u00f3n PDCAAS y haz declaraciones de prote\u00edna precisas con nuestro software de ajuste de calidad de prote\u00edna. Visita Food Label Maker.\",\"breadcrumb\":{\"@id\":\"https:\/\/flmdev.dev1.symbiotica.rs\/es-mx\/funciones\/ajuste-calidad-proteina\/#breadcrumb\"},\"inLanguage\":\"es\",\"potentialAction\":[{\"@type\":\"ReadAction\",\"target\":[\"https:\/\/flmdev.dev1.symbiotica.rs\/es-mx\/funciones\/ajuste-calidad-proteina\/\"]}]},{\"@type\":\"BreadcrumbList\",\"@id\":\"https:\/\/flmdev.dev1.symbiotica.rs\/es-mx\/funciones\/ajuste-calidad-proteina\/#breadcrumb\",\"itemListElement\":[{\"@type\":\"ListItem\",\"position\":1,\"name\":\"Inicio\",\"item\":\"https:\/\/flmdev.dev1.symbiotica.rs\/es-mx\/\"},{\"@type\":\"ListItem\",\"position\":2,\"name\":\"Private: Features\",\"item\":\"https:\/\/flmdev.dev1.symbiotica.rs\/es-mx\/?page_id=5731\"},{\"@type\":\"ListItem\",\"position\":3,\"name\":\"Ajuste de la calidad de las prote\u00ednas\"}]},{\"@type\":\"WebSite\",\"@id\":\"https:\/\/flmdev.dev1.symbiotica.rs\/es-mx\/#website\",\"url\":\"https:\/\/flmdev.dev1.symbiotica.rs\/es-mx\/\",\"name\":\"Food Label Maker\",\"description\":\"\",\"potentialAction\":[{\"@type\":\"SearchAction\",\"target\":{\"@type\":\"EntryPoint\",\"urlTemplate\":\"https:\/\/flmdev.dev1.symbiotica.rs\/es-mx\/?s={search_term_string}\"},\"query-input\":{\"@type\":\"PropertyValueSpecification\",\"valueRequired\":true,\"valueName\":\"search_term_string\"}}],\"inLanguage\":\"es\"}]}<\/script>\n<!-- \/ Yoast SEO Premium plugin. -->","yoast_head_json":{"title":"Software de ajuste de calidad de prote\u00edna | Food Label Maker","description":"Utiliza la puntuaci\u00f3n PDCAAS y haz declaraciones de prote\u00edna precisas con nuestro software de ajuste de calidad de prote\u00edna. Visita Food Label Maker.","robots":{"index":"noindex","follow":"follow","max-snippet":"max-snippet:-1","max-image-preview":"max-image-preview:large","max-video-preview":"max-video-preview:-1"},"og_locale":"es_MX","og_type":"article","og_title":"Ajuste de la calidad de las prote\u00ednas","og_description":"Utiliza la puntuaci\u00f3n PDCAAS y haz declaraciones de prote\u00edna precisas con nuestro software de ajuste de calidad de prote\u00edna. Visita Food Label Maker.","og_url":"https:\/\/flmdev.dev1.symbiotica.rs\/es-mx\/funciones\/ajuste-calidad-proteina\/","og_site_name":"Food Label Maker","article_publisher":"https:\/\/www.facebook.com\/foodlabelmaker\/","article_modified_time":"2026-01-29T13:39:35+00:00","og_image":[{"width":1200,"height":675,"url":"https:\/\/flmdev.dev1.symbiotica.rs\/wp-content\/uploads\/2023\/10\/foodlabelmaker-preview-img.webp","type":"image\/webp"}],"twitter_card":"summary_large_image","schema":{"@context":"https:\/\/schema.org","@graph":[{"@type":"WebPage","@id":"https:\/\/flmdev.dev1.symbiotica.rs\/es-mx\/funciones\/ajuste-calidad-proteina\/","url":"https:\/\/flmdev.dev1.symbiotica.rs\/es-mx\/funciones\/ajuste-calidad-proteina\/","name":"Software de ajuste de calidad de prote\u00edna | Food Label Maker","isPartOf":{"@id":"https:\/\/flmdev.dev1.symbiotica.rs\/es-mx\/#website"},"datePublished":"2025-10-17T14:34:17+00:00","dateModified":"2026-01-29T13:39:35+00:00","description":"Utiliza la puntuaci\u00f3n PDCAAS y haz declaraciones de prote\u00edna precisas con nuestro software de ajuste de calidad de prote\u00edna. Visita Food Label Maker.","breadcrumb":{"@id":"https:\/\/flmdev.dev1.symbiotica.rs\/es-mx\/funciones\/ajuste-calidad-proteina\/#breadcrumb"},"inLanguage":"es","potentialAction":[{"@type":"ReadAction","target":["https:\/\/flmdev.dev1.symbiotica.rs\/es-mx\/funciones\/ajuste-calidad-proteina\/"]}]},{"@type":"BreadcrumbList","@id":"https:\/\/flmdev.dev1.symbiotica.rs\/es-mx\/funciones\/ajuste-calidad-proteina\/#breadcrumb","itemListElement":[{"@type":"ListItem","position":1,"name":"Inicio","item":"https:\/\/flmdev.dev1.symbiotica.rs\/es-mx\/"},{"@type":"ListItem","position":2,"name":"Private: Features","item":"https:\/\/flmdev.dev1.symbiotica.rs\/es-mx\/?page_id=5731"},{"@type":"ListItem","position":3,"name":"Ajuste de la calidad de las prote\u00ednas"}]},{"@type":"WebSite","@id":"https:\/\/flmdev.dev1.symbiotica.rs\/es-mx\/#website","url":"https:\/\/flmdev.dev1.symbiotica.rs\/es-mx\/","name":"Food Label Maker","description":"","potentialAction":[{"@type":"SearchAction","target":{"@type":"EntryPoint","urlTemplate":"https:\/\/flmdev.dev1.symbiotica.rs\/es-mx\/?s={search_term_string}"},"query-input":{"@type":"PropertyValueSpecification","valueRequired":true,"valueName":"search_term_string"}}],"inLanguage":"es"}]}},"_links":{"self":[{"href":"https:\/\/flmdev.dev1.symbiotica.rs\/es-mx\/wp-json\/wp\/v2\/pages\/11230","targetHints":{"allow":["GET"]}}],"collection":[{"href":"https:\/\/flmdev.dev1.symbiotica.rs\/es-mx\/wp-json\/wp\/v2\/pages"}],"about":[{"href":"https:\/\/flmdev.dev1.symbiotica.rs\/es-mx\/wp-json\/wp\/v2\/types\/page"}],"author":[{"embeddable":true,"href":"https:\/\/flmdev.dev1.symbiotica.rs\/es-mx\/wp-json\/wp\/v2\/users\/1"}],"replies":[{"embeddable":true,"href":"https:\/\/flmdev.dev1.symbiotica.rs\/es-mx\/wp-json\/wp\/v2\/comments?post=11230"}],"version-history":[{"count":6,"href":"https:\/\/flmdev.dev1.symbiotica.rs\/es-mx\/wp-json\/wp\/v2\/pages\/11230\/revisions"}],"predecessor-version":[{"id":18257,"href":"https:\/\/flmdev.dev1.symbiotica.rs\/es-mx\/wp-json\/wp\/v2\/pages\/11230\/revisions\/18257"}],"up":[{"embeddable":true,"href":"https:\/\/flmdev.dev1.symbiotica.rs\/es-mx\/wp-json\/wp\/v2\/pages\/14405"}],"wp:attachment":[{"href":"https:\/\/flmdev.dev1.symbiotica.rs\/es-mx\/wp-json\/wp\/v2\/media?parent=11230"}],"curies":[{"name":"wp","href":"https:\/\/api.w.org\/{rel}","templated":true}]}}