{"id":11192,"date":"2025-08-12T07:14:42","date_gmt":"2025-08-12T07:14:42","guid":{"rendered":"https:\/\/flmdev.dev1.symbiotica.rs\/ai-data-extraction-software-food-labels\/"},"modified":"2025-12-19T13:16:14","modified_gmt":"2025-12-19T13:16:14","slug":"software-extraccion-datos-etiquetas-comida-ia","status":"publish","type":"page","link":"https:\/\/flmdev.dev1.symbiotica.rs\/es-mx\/funciones\/software-extraccion-datos-etiquetas-comida-ia\/","title":{"rendered":"Extracci\u00f3n de datos de IA para ingredientes personalizados"},"content":{"rendered":"","protected":false},"excerpt":{"rendered":"","protected":false},"author":1,"featured_media":0,"parent":14405,"menu_order":0,"comment_status":"closed","ping_status":"closed","template":"page-templates\/template-features-flexible-content.php","meta":{"_acf_changed":false,"footnotes":""},"class_list":["post-11192","page","type-page","status-publish","hentry"],"acf":[],"yoast_head":"<!-- This site is optimized with the Yoast SEO Premium plugin v22.8 (Yoast SEO v26.8) - https:\/\/yoast.com\/product\/yoast-seo-premium-wordpress\/ -->\n<title>Extracci\u00f3n de datos con IA | Food Label Maker<\/title>\n<meta name=\"description\" content=\"Deja que nuestra IA extraiga ingredientes e informaci\u00f3n nutricional directamente de tus im\u00e1genes. Visita Food Label Maker\" \/>\n<meta name=\"robots\" content=\"noindex, follow, max-snippet:-1, max-image-preview:large, max-video-preview:-1\" \/>\n<meta property=\"og:locale\" content=\"es_MX\" \/>\n<meta property=\"og:type\" content=\"article\" \/>\n<meta property=\"og:title\" content=\"Extracci\u00f3n de datos de IA para ingredientes personalizados\" \/>\n<meta property=\"og:description\" content=\"Deja que nuestra IA extraiga ingredientes e informaci\u00f3n nutricional directamente de tus im\u00e1genes. Visita Food Label Maker\" \/>\n<meta property=\"og:url\" content=\"https:\/\/flmdev.dev1.symbiotica.rs\/es-mx\/funciones\/software-extraccion-datos-etiquetas-comida-ia\/\" \/>\n<meta property=\"og:site_name\" content=\"Food Label Maker\" \/>\n<meta property=\"article:publisher\" content=\"https:\/\/www.facebook.com\/foodlabelmaker\/\" \/>\n<meta property=\"article:modified_time\" content=\"2025-12-19T13:16:14+00:00\" \/>\n<meta property=\"og:image\" content=\"https:\/\/flmdev.dev1.symbiotica.rs\/wp-content\/uploads\/2023\/10\/foodlabelmaker-preview-img.webp\" \/>\n\t<meta property=\"og:image:width\" content=\"1200\" \/>\n\t<meta property=\"og:image:height\" content=\"675\" \/>\n\t<meta property=\"og:image:type\" content=\"image\/webp\" \/>\n<meta name=\"twitter:card\" content=\"summary_large_image\" \/>\n<script type=\"application\/ld+json\" class=\"yoast-schema-graph\">{\"@context\":\"https:\/\/schema.org\",\"@graph\":[{\"@type\":\"WebPage\",\"@id\":\"https:\/\/flmdev.dev1.symbiotica.rs\/es-mx\/funciones\/software-extraccion-datos-etiquetas-comida-ia\/\",\"url\":\"https:\/\/flmdev.dev1.symbiotica.rs\/es-mx\/funciones\/software-extraccion-datos-etiquetas-comida-ia\/\",\"name\":\"Extracci\u00f3n de datos con IA | Food Label Maker\",\"isPartOf\":{\"@id\":\"https:\/\/flmdev.dev1.symbiotica.rs\/es-mx\/#website\"},\"datePublished\":\"2025-08-12T07:14:42+00:00\",\"dateModified\":\"2025-12-19T13:16:14+00:00\",\"description\":\"Deja que nuestra IA extraiga ingredientes e informaci\u00f3n nutricional directamente de tus im\u00e1genes. Visita Food Label Maker\",\"breadcrumb\":{\"@id\":\"https:\/\/flmdev.dev1.symbiotica.rs\/es-mx\/funciones\/software-extraccion-datos-etiquetas-comida-ia\/#breadcrumb\"},\"inLanguage\":\"es\",\"potentialAction\":[{\"@type\":\"ReadAction\",\"target\":[\"https:\/\/flmdev.dev1.symbiotica.rs\/es-mx\/funciones\/software-extraccion-datos-etiquetas-comida-ia\/\"]}]},{\"@type\":\"BreadcrumbList\",\"@id\":\"https:\/\/flmdev.dev1.symbiotica.rs\/es-mx\/funciones\/software-extraccion-datos-etiquetas-comida-ia\/#breadcrumb\",\"itemListElement\":[{\"@type\":\"ListItem\",\"position\":1,\"name\":\"Inicio\",\"item\":\"https:\/\/flmdev.dev1.symbiotica.rs\/es-mx\/\"},{\"@type\":\"ListItem\",\"position\":2,\"name\":\"Private: Features\",\"item\":\"https:\/\/flmdev.dev1.symbiotica.rs\/es-mx\/?page_id=5731\"},{\"@type\":\"ListItem\",\"position\":3,\"name\":\"Extracci\u00f3n de datos de IA para ingredientes personalizados\"}]},{\"@type\":\"WebSite\",\"@id\":\"https:\/\/flmdev.dev1.symbiotica.rs\/es-mx\/#website\",\"url\":\"https:\/\/flmdev.dev1.symbiotica.rs\/es-mx\/\",\"name\":\"Food Label Maker\",\"description\":\"\",\"potentialAction\":[{\"@type\":\"SearchAction\",\"target\":{\"@type\":\"EntryPoint\",\"urlTemplate\":\"https:\/\/flmdev.dev1.symbiotica.rs\/es-mx\/?s={search_term_string}\"},\"query-input\":{\"@type\":\"PropertyValueSpecification\",\"valueRequired\":true,\"valueName\":\"search_term_string\"}}],\"inLanguage\":\"es\"}]}<\/script>\n<!-- \/ Yoast SEO Premium plugin. -->","yoast_head_json":{"title":"Extracci\u00f3n de datos con IA | Food Label Maker","description":"Deja que nuestra IA extraiga ingredientes e informaci\u00f3n nutricional directamente de tus im\u00e1genes. Visita Food Label Maker","robots":{"index":"noindex","follow":"follow","max-snippet":"max-snippet:-1","max-image-preview":"max-image-preview:large","max-video-preview":"max-video-preview:-1"},"og_locale":"es_MX","og_type":"article","og_title":"Extracci\u00f3n de datos de IA para ingredientes personalizados","og_description":"Deja que nuestra IA extraiga ingredientes e informaci\u00f3n nutricional directamente de tus im\u00e1genes. Visita Food Label Maker","og_url":"https:\/\/flmdev.dev1.symbiotica.rs\/es-mx\/funciones\/software-extraccion-datos-etiquetas-comida-ia\/","og_site_name":"Food Label Maker","article_publisher":"https:\/\/www.facebook.com\/foodlabelmaker\/","article_modified_time":"2025-12-19T13:16:14+00:00","og_image":[{"width":1200,"height":675,"url":"https:\/\/flmdev.dev1.symbiotica.rs\/wp-content\/uploads\/2023\/10\/foodlabelmaker-preview-img.webp","type":"image\/webp"}],"twitter_card":"summary_large_image","schema":{"@context":"https:\/\/schema.org","@graph":[{"@type":"WebPage","@id":"https:\/\/flmdev.dev1.symbiotica.rs\/es-mx\/funciones\/software-extraccion-datos-etiquetas-comida-ia\/","url":"https:\/\/flmdev.dev1.symbiotica.rs\/es-mx\/funciones\/software-extraccion-datos-etiquetas-comida-ia\/","name":"Extracci\u00f3n de datos con IA | Food Label Maker","isPartOf":{"@id":"https:\/\/flmdev.dev1.symbiotica.rs\/es-mx\/#website"},"datePublished":"2025-08-12T07:14:42+00:00","dateModified":"2025-12-19T13:16:14+00:00","description":"Deja que nuestra IA extraiga ingredientes e informaci\u00f3n nutricional directamente de tus im\u00e1genes. Visita Food Label Maker","breadcrumb":{"@id":"https:\/\/flmdev.dev1.symbiotica.rs\/es-mx\/funciones\/software-extraccion-datos-etiquetas-comida-ia\/#breadcrumb"},"inLanguage":"es","potentialAction":[{"@type":"ReadAction","target":["https:\/\/flmdev.dev1.symbiotica.rs\/es-mx\/funciones\/software-extraccion-datos-etiquetas-comida-ia\/"]}]},{"@type":"BreadcrumbList","@id":"https:\/\/flmdev.dev1.symbiotica.rs\/es-mx\/funciones\/software-extraccion-datos-etiquetas-comida-ia\/#breadcrumb","itemListElement":[{"@type":"ListItem","position":1,"name":"Inicio","item":"https:\/\/flmdev.dev1.symbiotica.rs\/es-mx\/"},{"@type":"ListItem","position":2,"name":"Private: Features","item":"https:\/\/flmdev.dev1.symbiotica.rs\/es-mx\/?page_id=5731"},{"@type":"ListItem","position":3,"name":"Extracci\u00f3n de datos de IA para ingredientes personalizados"}]},{"@type":"WebSite","@id":"https:\/\/flmdev.dev1.symbiotica.rs\/es-mx\/#website","url":"https:\/\/flmdev.dev1.symbiotica.rs\/es-mx\/","name":"Food Label Maker","description":"","potentialAction":[{"@type":"SearchAction","target":{"@type":"EntryPoint","urlTemplate":"https:\/\/flmdev.dev1.symbiotica.rs\/es-mx\/?s={search_term_string}"},"query-input":{"@type":"PropertyValueSpecification","valueRequired":true,"valueName":"search_term_string"}}],"inLanguage":"es"}]}},"_links":{"self":[{"href":"https:\/\/flmdev.dev1.symbiotica.rs\/es-mx\/wp-json\/wp\/v2\/pages\/11192","targetHints":{"allow":["GET"]}}],"collection":[{"href":"https:\/\/flmdev.dev1.symbiotica.rs\/es-mx\/wp-json\/wp\/v2\/pages"}],"about":[{"href":"https:\/\/flmdev.dev1.symbiotica.rs\/es-mx\/wp-json\/wp\/v2\/types\/page"}],"author":[{"embeddable":true,"href":"https:\/\/flmdev.dev1.symbiotica.rs\/es-mx\/wp-json\/wp\/v2\/users\/1"}],"replies":[{"embeddable":true,"href":"https:\/\/flmdev.dev1.symbiotica.rs\/es-mx\/wp-json\/wp\/v2\/comments?post=11192"}],"version-history":[{"count":4,"href":"https:\/\/flmdev.dev1.symbiotica.rs\/es-mx\/wp-json\/wp\/v2\/pages\/11192\/revisions"}],"predecessor-version":[{"id":16353,"href":"https:\/\/flmdev.dev1.symbiotica.rs\/es-mx\/wp-json\/wp\/v2\/pages\/11192\/revisions\/16353"}],"up":[{"embeddable":true,"href":"https:\/\/flmdev.dev1.symbiotica.rs\/es-mx\/wp-json\/wp\/v2\/pages\/14405"}],"wp:attachment":[{"href":"https:\/\/flmdev.dev1.symbiotica.rs\/es-mx\/wp-json\/wp\/v2\/media?parent=11192"}],"curies":[{"name":"wp","href":"https:\/\/api.w.org\/{rel}","templated":true}]}}